{"id":3,"date":"2023-02-07T09:29:10","date_gmt":"2023-02-07T09:29:10","guid":{"rendered":"https:\/\/rondaramp.no\/?page_id=3"},"modified":"2023-04-13T09:17:10","modified_gmt":"2023-04-13T09:17:10","slug":"personvern","status":"publish","type":"page","link":"https:\/\/rondaramp.no\/?page_id=3","title":{"rendered":"Personvern"},"content":{"rendered":"\t<section class=\"section\" id=\"section_1574883646\">\n\t\t<div class=\"bg section-bg fill bg-fill  bg-loaded\" >\n\n\t\t\t\n\t\t\t\n\t\t\t\n\t<div class=\"is-border\"\n\t\tstyle=\"border-color:rgb(235, 235, 235);border-width:1px 0px 0px 0px;\">\n\t<\/div>\n\n\t\t<\/div>\n\n\t\t\n\n\t\t<div class=\"section-content relative\">\n\t\t\t\n<div class=\"row\"  id=\"row-1582480467\">\n\n\t<div id=\"col-401077874\" class=\"col medium-9 small-12 large-9\"  >\n\t\t\t\t<div class=\"col-inner\"  >\n\t\t\t\n\t\t\t\n<h1>Sm\u00e5kaker<\/h1>\n<h2>er en type bakverk. De serveres gjerne i kaffeselskap eller i forbindelse med h\u00f8ytider. Sm\u00e5kaker lages typisk med forskjellige typer m\u00f8rdeiger, der melet holdes sammen av egg. Det brukes sjelden hevingsmidler som bakepulver eller hornsalt i sm\u00e5kaker.\u00a0<a class=\"ruhjFe NJLBac fl\" href=\"https:\/\/no.wikipedia.org\/wiki\/Sm%C3%A5kaker\" data-ved=\"2ahUKEwiLrva6wqb-AhWcSPEDHR8tAZ8QmhN6BAhYEAI\">Wikipedia<\/a><\/h2>\n\t\t<\/div>\n\t\t\t\t\t<\/div>\n\n\t\n<\/div>\n\t<div class=\"img has-hover x md-x lg-x y md-y lg-y\" id=\"image_1003441574\">\n\t\t\t\t\t\t\t\t<div class=\"img-inner dark\" >\n\t\t\t<img loading=\"lazy\" decoding=\"async\" width=\"1020\" height=\"680\" src=\"https:\/\/rondaramp.no\/wp-content\/uploads\/2023\/04\/2ChocolateChipCookies-1024x683.jpg\" class=\"attachment-large size-large\" alt=\"\" srcset=\"https:\/\/rondaramp.no\/wp-content\/uploads\/2023\/04\/2ChocolateChipCookies-1024x683.jpg 1024w, https:\/\/rondaramp.no\/wp-content\/uploads\/2023\/04\/2ChocolateChipCookies-300x200.jpg 300w, https:\/\/rondaramp.no\/wp-content\/uploads\/2023\/04\/2ChocolateChipCookies-768x512.jpg 768w, https:\/\/rondaramp.no\/wp-content\/uploads\/2023\/04\/2ChocolateChipCookies-1536x1025.jpg 1536w, https:\/\/rondaramp.no\/wp-content\/uploads\/2023\/04\/2ChocolateChipCookies-2048x1366.jpg 2048w\" sizes=\"auto, (max-width: 1020px) 100vw, 1020px\" \/>\t\t\t\t\t\t\n\t\t\t\t\t<\/div>\n\t\t\t\t\t\t\t\t\n<style>\n#image_1003441574 {\n  width: 100%;\n}\n<\/style>\n\t<\/div>\n\t\n\t\t<\/div>\n\n\t\t\n<style>\n#section_1574883646 {\n  padding-top: 60px;\n  padding-bottom: 60px;\n  min-height: 300px;\n  background-color: rgb(245, 245, 245);\n}\n#section_1574883646 .ux-shape-divider--top svg {\n  height: 150px;\n  --divider-top-width: 100%;\n}\n#section_1574883646 .ux-shape-divider--bottom svg {\n  height: 150px;\n  --divider-width: 100%;\n}\n<\/style>\n\t<\/section>\n\t\n","protected":false},"excerpt":{"rendered":"","protected":false},"author":1,"featured_media":0,"parent":0,"menu_order":0,"comment_status":"closed","ping_status":"open","template":"","meta":{"footnotes":""},"class_list":["post-3","page","type-page","status-publish","hentry"],"_links":{"self":[{"href":"https:\/\/rondaramp.no\/index.php?rest_route=\/wp\/v2\/pages\/3","targetHints":{"allow":["GET"]}}],"collection":[{"href":"https:\/\/rondaramp.no\/index.php?rest_route=\/wp\/v2\/pages"}],"about":[{"href":"https:\/\/rondaramp.no\/index.php?rest_route=\/wp\/v2\/types\/page"}],"author":[{"embeddable":true,"href":"https:\/\/rondaramp.no\/index.php?rest_route=\/wp\/v2\/users\/1"}],"replies":[{"embeddable":true,"href":"https:\/\/rondaramp.no\/index.php?rest_route=%2Fwp%2Fv2%2Fcomments&post=3"}],"version-history":[{"count":3,"href":"https:\/\/rondaramp.no\/index.php?rest_route=\/wp\/v2\/pages\/3\/revisions"}],"predecessor-version":[{"id":482,"href":"https:\/\/rondaramp.no\/index.php?rest_route=\/wp\/v2\/pages\/3\/revisions\/482"}],"wp:attachment":[{"href":"https:\/\/rondaramp.no\/index.php?rest_route=%2Fwp%2Fv2%2Fmedia&parent=3"}],"curies":[{"name":"wp","href":"https:\/\/api.w.org\/{rel}","templated":true}]}}