{"id":459,"date":"2023-04-09T19:14:11","date_gmt":"2023-04-09T19:14:11","guid":{"rendered":"https:\/\/rondaramp.no\/?page_id=459"},"modified":"2023-04-09T19:25:36","modified_gmt":"2023-04-09T19:25:36","slug":"ramp","status":"publish","type":"page","link":"https:\/\/rondaramp.no\/?page_id=459","title":{"rendered":"Ramp"},"content":{"rendered":"\t<section class=\"section\" id=\"section_475370770\">\n\t\t<div class=\"bg section-bg fill bg-fill  bg-loaded\" >\n\n\t\t\t\n\t\t\t\n\t\t\t\n\n\t\t<\/div>\n\n\t\t\n\n\t\t<div class=\"section-content relative\">\n\t\t\t\n<div class=\"row\"  id=\"row-998156169\">\n\n\t<div id=\"col-1498036648\" class=\"col medium-6 small-12 large-6\"  >\n\t\t\t\t<div class=\"col-inner\"  >\n\t\t\t\n\t\t\t\n<p>For \u00e5 komme videre m\u00e5 du vite passordet. Dette f\u00e5r du kun ved \u00e5 be pent til ramp@rondaramp.no.<\/p>\n<p>N\u00e5r passordet er p\u00e5 plass, klikk p\u00e5 rampeknappen.<\/p>\n<p>\u00a0<\/p>\n\t\t<\/div>\n\t\t\t\t\t<\/div>\n\n\t\n\n\t<div id=\"col-1005168877\" class=\"col medium-6 small-12 large-6\"  >\n\t\t\t\t<div class=\"col-inner\"  >\n\t\t\t\n\t\t\t\n<a href=\"https:\/\/rondaramp.no\/praktisk-info\/\" target=\"_self\" class=\"button primary is-outline is-larger\"  style=\"border-radius:10px;\">\n    <span>Rampeknappen<\/span>\n  <\/a>\n\n\t\t<\/div>\n\t\t\t\t\t<\/div>\n\n\t\n<\/div>\n\t\t<\/div>\n\n\t\t\n<style>\n#section_475370770 {\n  padding-top: 30px;\n  padding-bottom: 30px;\n}\n#section_475370770 .ux-shape-divider--top svg {\n  height: 150px;\n  --divider-top-width: 100%;\n}\n#section_475370770 .ux-shape-divider--bottom svg {\n  height: 150px;\n  --divider-width: 100%;\n}\n<\/style>\n\t<\/section>\n\t\n","protected":false},"excerpt":{"rendered":"","protected":false},"author":1,"featured_media":0,"parent":0,"menu_order":0,"comment_status":"closed","ping_status":"closed","template":"","meta":{"footnotes":""},"class_list":["post-459","page","type-page","status-publish","hentry"],"_links":{"self":[{"href":"https:\/\/rondaramp.no\/index.php?rest_route=\/wp\/v2\/pages\/459","targetHints":{"allow":["GET"]}}],"collection":[{"href":"https:\/\/rondaramp.no\/index.php?rest_route=\/wp\/v2\/pages"}],"about":[{"href":"https:\/\/rondaramp.no\/index.php?rest_route=\/wp\/v2\/types\/page"}],"author":[{"embeddable":true,"href":"https:\/\/rondaramp.no\/index.php?rest_route=\/wp\/v2\/users\/1"}],"replies":[{"embeddable":true,"href":"https:\/\/rondaramp.no\/index.php?rest_route=%2Fwp%2Fv2%2Fcomments&post=459"}],"version-history":[{"count":4,"href":"https:\/\/rondaramp.no\/index.php?rest_route=\/wp\/v2\/pages\/459\/revisions"}],"predecessor-version":[{"id":468,"href":"https:\/\/rondaramp.no\/index.php?rest_route=\/wp\/v2\/pages\/459\/revisions\/468"}],"wp:attachment":[{"href":"https:\/\/rondaramp.no\/index.php?rest_route=%2Fwp%2Fv2%2Fmedia&parent=459"}],"curies":[{"name":"wp","href":"https:\/\/api.w.org\/{rel}","templated":true}]}}